{"id":962,"date":"2024-08-30T20:49:46","date_gmt":"2024-08-30T20:49:46","guid":{"rendered":"https:\/\/www.dvconsultores.com.ar\/?page_id=962"},"modified":"2024-09-03T15:36:33","modified_gmt":"2024-09-03T15:36:33","slug":"contable-y-financiero","status":"publish","type":"page","link":"https:\/\/www.dvconsultores.com.ar\/?page_id=962","title":{"rendered":"Contable y financiero"},"content":{"rendered":"\t\t<div data-elementor-type=\"wp-page\" data-elementor-id=\"962\" class=\"elementor elementor-962\">\n\t\t\t\t<div class=\"elementor-element elementor-element-3a5eed6e e-con-full e-flex e-con e-parent\" data-id=\"3a5eed6e\" data-element_type=\"container\" data-settings=\"{&quot;background_background&quot;:&quot;classic&quot;}\">\n\t\t<div class=\"elementor-element elementor-element-55b06b7b e-con-full e-flex e-con e-child\" data-id=\"55b06b7b\" data-element_type=\"container\">\n\t\t\t\t<div class=\"elementor-element elementor-element-77069170 elementor-widget elementor-widget-heading\" data-id=\"77069170\" data-element_type=\"widget\" data-widget_type=\"heading.default\">\n\t\t\t\t<div class=\"elementor-widget-container\">\n\t\t\t\t\t<h1 class=\"elementor-heading-title elementor-size-default\">Contable y financiero<\/h1>\t\t\t\t<\/div>\n\t\t\t\t<\/div>\n\t\t\t\t<div class=\"elementor-element elementor-element-5ef4b3c5 elementor-widget elementor-widget-text-editor\" data-id=\"5ef4b3c5\" data-element_type=\"widget\" data-widget_type=\"text-editor.default\">\n\t\t\t\t<div class=\"elementor-widget-container\">\n\t\t\t\t\t\t\t\t\t<p>Las normas contables profesionales se encuentran en constante evoluci\u00f3n tanto a nivel nacional como internacional. Es importante que la compa\u00f1\u00eda sea parte de este proceso, manteniendo una correcta exposici\u00f3n de su informaci\u00f3n econ\u00f3mico-financiera, tanto para la toma de decisiones interna como para la de terceros interesados<\/p>\t\t\t\t\t\t\t\t<\/div>\n\t\t\t\t<\/div>\n\t\t\t\t<\/div>\n\t\t<div class=\"elementor-element elementor-element-258edfc4 e-flex e-con-boxed e-con e-child\" data-id=\"258edfc4\" data-element_type=\"container\">\n\t\t\t\t\t<div class=\"e-con-inner\">\n\t\t\t\t<div class=\"elementor-element elementor-element-4217a7bd elementor-widget elementor-widget-image\" data-id=\"4217a7bd\" data-element_type=\"widget\" data-widget_type=\"image.default\">\n\t\t\t\t<div class=\"elementor-widget-container\">\n\t\t\t\t\t\t\t\t\t\t\t\t\t\t\t<img fetchpriority=\"high\" decoding=\"async\" width=\"300\" height=\"300\" src=\"https:\/\/www.dvconsultores.com.ar\/wp-content\/uploads\/2024\/08\/contable-300x300.png\" class=\"attachment-medium size-medium wp-image-910\" alt=\"\" srcset=\"https:\/\/www.dvconsultores.com.ar\/wp-content\/uploads\/2024\/08\/contable-300x300.png 300w, https:\/\/www.dvconsultores.com.ar\/wp-content\/uploads\/2024\/08\/contable-150x150.png 150w, https:\/\/www.dvconsultores.com.ar\/wp-content\/uploads\/2024\/08\/contable.png 600w\" sizes=\"(max-width: 300px) 100vw, 300px\" \/>\t\t\t\t\t\t\t\t\t\t\t\t\t\t\t<\/div>\n\t\t\t\t<\/div>\n\t\t\t\t\t<\/div>\n\t\t\t\t<\/div>\n\t\t\t\t<\/div>\n\t\t<div class=\"elementor-element elementor-element-69b570c3 e-con-full e-flex e-con e-parent\" data-id=\"69b570c3\" data-element_type=\"container\" data-settings=\"{&quot;background_background&quot;:&quot;classic&quot;}\">\n\t\t\t\t<div class=\"elementor-element elementor-element-f69b25d elementor-widget elementor-widget-spacer\" data-id=\"f69b25d\" data-element_type=\"widget\" data-widget_type=\"spacer.default\">\n\t\t\t\t<div class=\"elementor-widget-container\">\n\t\t\t\t\t\t\t<div class=\"elementor-spacer\">\n\t\t\t<div class=\"elementor-spacer-inner\"><\/div>\n\t\t<\/div>\n\t\t\t\t\t\t<\/div>\n\t\t\t\t<\/div>\n\t\t\t\t<div class=\"elementor-element elementor-element-583e7aac elementor-widget elementor-widget-heading\" data-id=\"583e7aac\" data-element_type=\"widget\" data-widget_type=\"heading.default\">\n\t\t\t\t<div class=\"elementor-widget-container\">\n\t\t\t\t\t<h3 class=\"elementor-heading-title elementor-size-default\">Qu\u00e9 hacemos<\/h3>\t\t\t\t<\/div>\n\t\t\t\t<\/div>\n\t\t\t\t<div class=\"elementor-element elementor-element-1a04de3 elementor-widget elementor-widget-text-editor\" data-id=\"1a04de3\" data-element_type=\"widget\" data-widget_type=\"text-editor.default\">\n\t\t\t\t<div class=\"elementor-widget-container\">\n\t\t\t\t\t\t\t\t\t<ul><li>Confecci\u00f3n de Estados Contables<\/li><li>Informes y Certificaciones Contables<\/li><li>Balances Proyectados, Cash Flow<\/li><li>Balances de gesti\u00f3n para la toma de decisiones comerciales<\/li><li>An\u00e1lisis de Costos y de Rentabilidad<\/li><li>Presupuesto Econ\u00f3mico Financiero<\/li><li>An\u00e1lisis de Alternativas de Financiamiento<\/li><li>Financiaci\u00f3n Bancaria<\/li><li>Auditor\u00edas Contables, Operativas y de Control Interno<\/li><li>Organizaci\u00f3n de Sistemas Administrativos<\/li><li>Herramientas Econ\u00f3micas y Financieras para an\u00e1lisis de proyectos o empresas en marcha: Presupuestos (Econ\u00f3micos y Financieros), Cash Flow, Punto de equilibrio, VAN, TIR, Cash Flow Acumulado, Balances Proyectados, Ratios de Liquidez, Actividad, Rentabilidad, Control Presupuestario<\/li><li>Armado de plan de cuentas a medida<\/li><li>Procesos de Due Diligence<\/li><li>Valuaci\u00f3n de Empresas<\/li><\/ul>\t\t\t\t\t\t\t\t<\/div>\n\t\t\t\t<\/div>\n\t\t\t\t<div class=\"elementor-element elementor-element-6d04cf3 elementor-align-center elementor-widget elementor-widget-button\" data-id=\"6d04cf3\" data-element_type=\"widget\" data-widget_type=\"button.default\">\n\t\t\t\t<div class=\"elementor-widget-container\">\n\t\t\t\t\t\t\t\t\t<div class=\"elementor-button-wrapper\">\n\t\t\t\t\t<a class=\"elementor-button elementor-button-link elementor-size-sm\" href=\"https:\/\/www.dvconsultores.com.ar\/?page_id=692\">\n\t\t\t\t\t\t<span class=\"elementor-button-content-wrapper\">\n\t\t\t\t\t\t\t\t\t<span class=\"elementor-button-text\">Contacto<\/span>\n\t\t\t\t\t<\/span>\n\t\t\t\t\t<\/a>\n\t\t\t\t<\/div>\n\t\t\t\t\t\t\t\t<\/div>\n\t\t\t\t<\/div>\n\t\t\t\t<div class=\"elementor-element elementor-element-ae2c06e elementor-widget elementor-widget-spacer\" data-id=\"ae2c06e\" data-element_type=\"widget\" data-widget_type=\"spacer.default\">\n\t\t\t\t<div class=\"elementor-widget-container\">\n\t\t\t\t\t\t\t<div class=\"elementor-spacer\">\n\t\t\t<div class=\"elementor-spacer-inner\"><\/div>\n\t\t<\/div>\n\t\t\t\t\t\t<\/div>\n\t\t\t\t<\/div>\n\t\t\t\t<\/div>\n\t\t\t\t<\/div>\n\t\t","protected":false},"excerpt":{"rendered":"<p>Contable y financiero Las normas contables profesionales se encuentran en constante evoluci\u00f3n tanto a nivel nacional como internacional. Es importante que la compa\u00f1\u00eda sea parte de este proceso, manteniendo una correcta exposici\u00f3n de su informaci\u00f3n econ\u00f3mico-financiera, tanto para la toma de decisiones interna como para la de terceros interesados Qu\u00e9 hacemos Confecci\u00f3n de Estados Contables [&hellip;]<\/p>\n","protected":false},"author":1,"featured_media":0,"parent":0,"menu_order":0,"comment_status":"closed","ping_status":"closed","template":"elementor_header_footer","meta":{"ocean_post_layout":"full-width","ocean_both_sidebars_style":"","ocean_both_sidebars_content_width":0,"ocean_both_sidebars_sidebars_width":0,"ocean_sidebar":"","ocean_second_sidebar":"","ocean_disable_margins":"enable","ocean_add_body_class":"","ocean_shortcode_before_top_bar":"","ocean_shortcode_after_top_bar":"","ocean_shortcode_before_header":"","ocean_shortcode_after_header":"","ocean_has_shortcode":"","ocean_shortcode_after_title":"","ocean_shortcode_before_footer_widgets":"","ocean_shortcode_after_footer_widgets":"","ocean_shortcode_before_footer_bottom":"","ocean_shortcode_after_footer_bottom":"","ocean_display_top_bar":"off","ocean_display_header":"on","ocean_header_style":"minimal","ocean_center_header_left_menu":"","ocean_custom_header_template":"","ocean_custom_logo":0,"ocean_custom_retina_logo":0,"ocean_custom_logo_max_width":0,"ocean_custom_logo_tablet_max_width":0,"ocean_custom_logo_mobile_max_width":0,"ocean_custom_logo_max_height":0,"ocean_custom_logo_tablet_max_height":0,"ocean_custom_logo_mobile_max_height":0,"ocean_header_custom_menu":"","ocean_menu_typo_font_family":"","ocean_menu_typo_font_subset":"","ocean_menu_typo_font_size":0,"ocean_menu_typo_font_size_tablet":0,"ocean_menu_typo_font_size_mobile":0,"ocean_menu_typo_font_size_unit":"px","ocean_menu_typo_font_weight":"","ocean_menu_typo_font_weight_tablet":"","ocean_menu_typo_font_weight_mobile":"","ocean_menu_typo_transform":"","ocean_menu_typo_transform_tablet":"","ocean_menu_typo_transform_mobile":"","ocean_menu_typo_line_height":0,"ocean_menu_typo_line_height_tablet":0,"ocean_menu_typo_line_height_mobile":0,"ocean_menu_typo_line_height_unit":"","ocean_menu_typo_spacing":0,"ocean_menu_typo_spacing_tablet":0,"ocean_menu_typo_spacing_mobile":0,"ocean_menu_typo_spacing_unit":"","ocean_menu_link_color":"","ocean_menu_link_color_hover":"","ocean_menu_link_color_active":"","ocean_menu_link_background":"","ocean_menu_link_hover_background":"","ocean_menu_link_active_background":"","ocean_menu_social_links_bg":"","ocean_menu_social_hover_links_bg":"","ocean_menu_social_links_color":"","ocean_menu_social_hover_links_color":"","ocean_disable_title":"on","ocean_disable_heading":"default","ocean_post_title":"","ocean_post_subheading":"","ocean_post_title_style":"","ocean_post_title_background_color":"","ocean_post_title_background":0,"ocean_post_title_bg_image_position":"","ocean_post_title_bg_image_attachment":"","ocean_post_title_bg_image_repeat":"","ocean_post_title_bg_image_size":"","ocean_post_title_height":0,"ocean_post_title_bg_overlay":0.5,"ocean_post_title_bg_overlay_color":"","ocean_disable_breadcrumbs":"default","ocean_breadcrumbs_color":"","ocean_breadcrumbs_separator_color":"","ocean_breadcrumbs_links_color":"","ocean_breadcrumbs_links_hover_color":"","ocean_display_footer_widgets":"default","ocean_display_footer_bottom":"default","ocean_custom_footer_template":"","footnotes":""},"class_list":["post-962","page","type-page","status-publish","hentry","entry"],"_links":{"self":[{"href":"https:\/\/www.dvconsultores.com.ar\/index.php?rest_route=\/wp\/v2\/pages\/962","targetHints":{"allow":["GET"]}}],"collection":[{"href":"https:\/\/www.dvconsultores.com.ar\/index.php?rest_route=\/wp\/v2\/pages"}],"about":[{"href":"https:\/\/www.dvconsultores.com.ar\/index.php?rest_route=\/wp\/v2\/types\/page"}],"author":[{"embeddable":true,"href":"https:\/\/www.dvconsultores.com.ar\/index.php?rest_route=\/wp\/v2\/users\/1"}],"replies":[{"embeddable":true,"href":"https:\/\/www.dvconsultores.com.ar\/index.php?rest_route=%2Fwp%2Fv2%2Fcomments&post=962"}],"version-history":[{"count":24,"href":"https:\/\/www.dvconsultores.com.ar\/index.php?rest_route=\/wp\/v2\/pages\/962\/revisions"}],"predecessor-version":[{"id":1098,"href":"https:\/\/www.dvconsultores.com.ar\/index.php?rest_route=\/wp\/v2\/pages\/962\/revisions\/1098"}],"wp:attachment":[{"href":"https:\/\/www.dvconsultores.com.ar\/index.php?rest_route=%2Fwp%2Fv2%2Fmedia&parent=962"}],"curies":[{"name":"wp","href":"https:\/\/api.w.org\/{rel}","templated":true}]}}